{"id":8881,"date":"2025-10-17T15:21:49","date_gmt":"2025-10-17T12:21:49","guid":{"rendered":"https:\/\/pigiyim.com\/?post_type=product&#038;p=8881"},"modified":"2026-02-11T21:41:30","modified_gmt":"2026-02-11T18:41:30","slug":"fantezi-oyun-karti","status":"publish","type":"product","link":"https:\/\/pigiyim.com\/?product=fantezi-oyun-karti","title":{"rendered":"Fantezi Oyun Kart\u0131"},"content":{"rendered":"<p>Konforlu ve Ekonomik al\u0131\u015fveri\u015fin adresi! T\u00fcm i\u00e7 giyim, ev giyim ve korse ihtiya\u00e7lar\u0131n\u0131z i\u00e7in en kaliteli \u00fcr\u00fcnler.; %100 Pamuklu atlet ve boxer se\u00e7eneklerimizle g\u00fcn boyu rahatl\u0131k, likral\u0131 ve \u015fardonlu pijama altlar\u0131m\u0131zla s\u0131cac\u0131k k\u0131\u015flar sizi bekliyor.; S\u0131k\u0131la\u015ft\u0131r\u0131c\u0131 korse modellerimizle m\u00fckemmel fit g\u00f6r\u00fcn\u00fcm\u00fc yakalay\u0131n.; G\u00f6mlek ve d\u0131\u015f giyim \u00fcr\u00fcnlerimizde ise Regular Fit ve Oversize kesimlerle \u015f\u0131kl\u0131\u011f\u0131 uzun \u00f6m\u00fcrl\u00fc kaliteyle birle\u015ftirin.<\/p>\n","protected":false},"excerpt":{"rendered":"<p>Konforlu ve Ekonomik al\u0131\u015fveri\u015fin adresi! T\u00fcm i\u00e7 giyim, ev giyim ve korse ihtiya\u00e7lar\u0131n\u0131z i\u00e7in en kaliteli \u00fcr\u00fcnler.; %100 Pamuklu atlet [&hellip;]<\/p>\n","protected":false},"featured_media":1571,"comment_status":"open","ping_status":"closed","template":"","meta":{"site-sidebar-layout":"default","site-content-layout":"","ast-site-content-layout":"default","site-content-style":"default","site-sidebar-style":"default","ast-global-header-display":"","ast-banner-title-visibility":"","ast-main-header-display":"","ast-hfb-above-header-display":"","ast-hfb-below-header-display":"","ast-hfb-mobile-header-display":"","site-post-title":"","ast-breadcrumbs-content":"","ast-featured-img":"","footer-sml-layout":"","theme-transparent-header-meta":"","adv-header-id-meta":"","stick-header-meta":"","header-above-stick-meta":"","header-main-stick-meta":"","header-below-stick-meta":"","astra-migrate-meta-layouts":"default","ast-page-background-enabled":"default","ast-page-background-meta":{"desktop":{"background-color":"var(--ast-global-color-5)","background-image":"","background-repeat":"repeat","background-position":"center center","background-size":"auto","background-attachment":"scroll","background-type":"","background-media":"","overlay-type":"","overlay-color":"","overlay-opacity":"","overlay-gradient":""},"tablet":{"background-color":"","background-image":"","background-repeat":"repeat","background-position":"center center","background-size":"auto","background-attachment":"scroll","background-type":"","background-media":"","overlay-type":"","overlay-color":"","overlay-opacity":"","overlay-gradient":""},"mobile":{"background-color":"","background-image":"","background-repeat":"repeat","background-position":"center center","background-size":"auto","background-attachment":"scroll","background-type":"","background-media":"","overlay-type":"","overlay-color":"","overlay-opacity":"","overlay-gradient":""}},"ast-content-background-meta":{"desktop":{"background-color":"var(--ast-global-color-4)","background-image":"","background-repeat":"repeat","background-position":"center center","background-size":"auto","background-attachment":"scroll","background-type":"","background-media":"","overlay-type":"","overlay-color":"","overlay-opacity":"","overlay-gradient":""},"tablet":{"background-color":"var(--ast-global-color-4)","background-image":"","background-repeat":"repeat","background-position":"center center","background-size":"auto","background-attachment":"scroll","background-type":"","background-media":"","overlay-type":"","overlay-color":"","overlay-opacity":"","overlay-gradient":""},"mobile":{"background-color":"var(--ast-global-color-4)","background-image":"","background-repeat":"repeat","background-position":"center center","background-size":"auto","background-attachment":"scroll","background-type":"","background-media":"","overlay-type":"","overlay-color":"","overlay-opacity":"","overlay-gradient":""}}},"product_brand":[],"product_cat":[25],"product_tag":[],"class_list":{"0":"post-8881","1":"product","2":"type-product","3":"status-publish","4":"has-post-thumbnail","6":"product_cat-fantezi-aksesuar","7":"desktop-align-left","8":"tablet-align-left","9":"mobile-align-left","11":"first","12":"instock","13":"shipping-taxable","14":"purchasable","15":"product-type-variable"},"_links":{"self":[{"href":"https:\/\/pigiyim.com\/index.php?rest_route=\/wp\/v2\/product\/8881","targetHints":{"allow":["GET"]}}],"collection":[{"href":"https:\/\/pigiyim.com\/index.php?rest_route=\/wp\/v2\/product"}],"about":[{"href":"https:\/\/pigiyim.com\/index.php?rest_route=\/wp\/v2\/types\/product"}],"replies":[{"embeddable":true,"href":"https:\/\/pigiyim.com\/index.php?rest_route=%2Fwp%2Fv2%2Fcomments&post=8881"}],"wp:featuredmedia":[{"embeddable":true,"href":"https:\/\/pigiyim.com\/index.php?rest_route=\/wp\/v2\/media\/1571"}],"wp:attachment":[{"href":"https:\/\/pigiyim.com\/index.php?rest_route=%2Fwp%2Fv2%2Fmedia&parent=8881"}],"wp:term":[{"taxonomy":"product_brand","embeddable":true,"href":"https:\/\/pigiyim.com\/index.php?rest_route=%2Fwp%2Fv2%2Fproduct_brand&post=8881"},{"taxonomy":"product_cat","embeddable":true,"href":"https:\/\/pigiyim.com\/index.php?rest_route=%2Fwp%2Fv2%2Fproduct_cat&post=8881"},{"taxonomy":"product_tag","embeddable":true,"href":"https:\/\/pigiyim.com\/index.php?rest_route=%2Fwp%2Fv2%2Fproduct_tag&post=8881"}],"curies":[{"name":"wp","href":"https:\/\/api.w.org\/{rel}","templated":true}]}}