{"id":4569,"date":"2025-10-17T15:07:03","date_gmt":"2025-10-17T12:07:03","guid":{"rendered":"https:\/\/pigiyim.com\/?post_type=product&#038;p=4569"},"modified":"2026-02-11T21:37:08","modified_gmt":"2026-02-11T18:37:08","slug":"erkek-pamuklu-beyaz-12li-slip-kulot-my0001","status":"publish","type":"product","link":"https:\/\/pigiyim.com\/?product=erkek-pamuklu-beyaz-12li-slip-kulot-my0001","title":{"rendered":"Erkek Pamuklu Beyaz 12&#8217;l\u0131 Slip K\u00fclot -my0001"},"content":{"rendered":"<p>Rahatl\u0131k ve konforu \u00f6n planda tutan slip kesim tasar\u0131m, g\u00fcnl\u00fck kullan\u0131m i\u00e7in idealdir.; Tek renk d\u00fcz deseniyle sade ve \u015f\u0131k bir g\u00f6r\u00fcn\u00fcm elde edilir, farkl\u0131 k\u0131yafetler alt\u0131nda kolayca kombinlenebilir.; \u0130\u00e7 giyimde kaliteyi arayan erkekler i\u00e7in \u00f6zel olarak haz\u0131rlanan bu slip k\u00fclot, uzun s\u00fcreli kullan\u0131mlarda bile formunu korur.; \u0130\u00e7 giyim koleksiyonunuzun vazge\u00e7ilmez par\u00e7as\u0131 olacak bu slip k\u00fclot, hem spor aktivitelerinizde hem de g\u00fcnl\u00fck ya\u015fam\u0131n\u0131zda yan\u0131n\u0131zda.;<\/p>\n","protected":false},"excerpt":{"rendered":"<p>Rahatl\u0131k ve konforu \u00f6n planda tutan slip kesim tasar\u0131m, g\u00fcnl\u00fck kullan\u0131m i\u00e7in idealdir.; Tek renk d\u00fcz deseniyle sade ve \u015f\u0131k [&hellip;]<\/p>\n","protected":false},"featured_media":2699,"comment_status":"open","ping_status":"closed","template":"","meta":{"site-sidebar-layout":"default","site-content-layout":"","ast-site-content-layout":"default","site-content-style":"default","site-sidebar-style":"default","ast-global-header-display":"","ast-banner-title-visibility":"","ast-main-header-display":"","ast-hfb-above-header-display":"","ast-hfb-below-header-display":"","ast-hfb-mobile-header-display":"","site-post-title":"","ast-breadcrumbs-content":"","ast-featured-img":"","footer-sml-layout":"","theme-transparent-header-meta":"","adv-header-id-meta":"","stick-header-meta":"","header-above-stick-meta":"","header-main-stick-meta":"","header-below-stick-meta":"","astra-migrate-meta-layouts":"default","ast-page-background-enabled":"default","ast-page-background-meta":{"desktop":{"background-color":"var(--ast-global-color-5)","background-image":"","background-repeat":"repeat","background-position":"center center","background-size":"auto","background-attachment":"scroll","background-type":"","background-media":"","overlay-type":"","overlay-color":"","overlay-opacity":"","overlay-gradient":""},"tablet":{"background-color":"","background-image":"","background-repeat":"repeat","background-position":"center center","background-size":"auto","background-attachment":"scroll","background-type":"","background-media":"","overlay-type":"","overlay-color":"","overlay-opacity":"","overlay-gradient":""},"mobile":{"background-color":"","background-image":"","background-repeat":"repeat","background-position":"center center","background-size":"auto","background-attachment":"scroll","background-type":"","background-media":"","overlay-type":"","overlay-color":"","overlay-opacity":"","overlay-gradient":""}},"ast-content-background-meta":{"desktop":{"background-color":"var(--ast-global-color-4)","background-image":"","background-repeat":"repeat","background-position":"center center","background-size":"auto","background-attachment":"scroll","background-type":"","background-media":"","overlay-type":"","overlay-color":"","overlay-opacity":"","overlay-gradient":""},"tablet":{"background-color":"var(--ast-global-color-4)","background-image":"","background-repeat":"repeat","background-position":"center center","background-size":"auto","background-attachment":"scroll","background-type":"","background-media":"","overlay-type":"","overlay-color":"","overlay-opacity":"","overlay-gradient":""},"mobile":{"background-color":"var(--ast-global-color-4)","background-image":"","background-repeat":"repeat","background-position":"center center","background-size":"auto","background-attachment":"scroll","background-type":"","background-media":"","overlay-type":"","overlay-color":"","overlay-opacity":"","overlay-gradient":""}}},"product_brand":[],"product_cat":[35],"product_tag":[],"class_list":{"0":"post-4569","1":"product","2":"type-product","3":"status-publish","4":"has-post-thumbnail","6":"product_cat-kulot","7":"desktop-align-left","8":"tablet-align-left","9":"mobile-align-left","11":"first","12":"instock","13":"shipping-taxable","14":"purchasable","15":"product-type-variable"},"_links":{"self":[{"href":"https:\/\/pigiyim.com\/index.php?rest_route=\/wp\/v2\/product\/4569","targetHints":{"allow":["GET"]}}],"collection":[{"href":"https:\/\/pigiyim.com\/index.php?rest_route=\/wp\/v2\/product"}],"about":[{"href":"https:\/\/pigiyim.com\/index.php?rest_route=\/wp\/v2\/types\/product"}],"replies":[{"embeddable":true,"href":"https:\/\/pigiyim.com\/index.php?rest_route=%2Fwp%2Fv2%2Fcomments&post=4569"}],"wp:featuredmedia":[{"embeddable":true,"href":"https:\/\/pigiyim.com\/index.php?rest_route=\/wp\/v2\/media\/2699"}],"wp:attachment":[{"href":"https:\/\/pigiyim.com\/index.php?rest_route=%2Fwp%2Fv2%2Fmedia&parent=4569"}],"wp:term":[{"taxonomy":"product_brand","embeddable":true,"href":"https:\/\/pigiyim.com\/index.php?rest_route=%2Fwp%2Fv2%2Fproduct_brand&post=4569"},{"taxonomy":"product_cat","embeddable":true,"href":"https:\/\/pigiyim.com\/index.php?rest_route=%2Fwp%2Fv2%2Fproduct_cat&post=4569"},{"taxonomy":"product_tag","embeddable":true,"href":"https:\/\/pigiyim.com\/index.php?rest_route=%2Fwp%2Fv2%2Fproduct_tag&post=4569"}],"curies":[{"name":"wp","href":"https:\/\/api.w.org\/{rel}","templated":true}]}}