{"id":4334,"date":"2025-10-17T15:06:09","date_gmt":"2025-10-17T12:06:09","guid":{"rendered":"https:\/\/pigiyim.com\/?post_type=product&#038;p=4334"},"modified":"2026-02-11T21:36:44","modified_gmt":"2026-02-11T18:36:44","slug":"6-li-paket-yildiz-erkek-penye-slip-kulot-beyaz","status":"publish","type":"product","link":"https:\/\/pigiyim.com\/?product=6-li-paket-yildiz-erkek-penye-slip-kulot-beyaz","title":{"rendered":"6 L\u0131 Paket Y\u0131ld\u0131z Erkek Penye Slip K\u00fclot Beyaz"},"content":{"rendered":"<p>Y\u0131ld\u0131z desenli tasar\u0131m\u0131 ile \u015f\u0131k ve e\u011flenceli bir g\u00f6r\u00fcn\u00fcm sunar; Her ya\u015f grubuna uygun, geni\u015f kullan\u0131m yelpazesi sa\u011flar; Slip kal\u0131b\u0131 sayesinde rahat bir oturu\u015f ve konforlu bir deneyim sunar; D\u00fcz kesimi ile sade ve zamans\u0131z bir stil olu\u015fturur; Dokuma kuma\u015f yap\u0131s\u0131, dayan\u0131kl\u0131l\u0131\u011f\u0131 art\u0131r\u0131rken cildinize nazik bir dokunu\u015f sa\u011flar; Pamuklu materyali ile nefes alabilirlik ve yumu\u015fakl\u0131k sunarak cilt dostu bir kullan\u0131m vaat eder;Genel \u00dcr\u00fcn A\u00e7\u0131klamas\u0131 Uygun fiyatl\u0131, kaliteli ve \u015f\u0131k \u00fcr\u00fcnlerimizle rahatl\u0131\u011f\u0131 ve tasar\u0131m\u0131 bir arada sunuyoruz.; Geni\u015f \u00fcr\u00fcn yelpazemizde her ya\u015fa ve her ihtiyaca uygun se\u00e7enekler bulabilirsiniz.; %100 m\u00fc\u015fteri memnuniyeti i\u00e7in, t\u00fcm \u00fcr\u00fcnlerimiz \u00f6zenle \u00fcretilmi\u015f ve kalite kontrol\u00fcnden ge\u00e7irilmi\u015ftir.; \u00dcr\u00fcn Kategorilerimiz Atlet, boxer, s\u00fctyen, fanila, i\u00e7 \u00e7ama\u015f\u0131r tak\u0131mlar\u0131, erkek k\u00fclot, kad\u0131n k\u00fclot, \u00e7ocuk k\u00fclot, termal i\u00e7lik, tayt, pijama alt\u0131, pa\u00e7al\u0131 k\u00fclotlar, \u00e7orap, g\u00f6mlek, pantolon, sweatshirt, tayt ve daha fazlas\u0131! Neden Bizi Tercih Etmelisiniz? Ekonomik ve \u00dcr\u00fcnler:B\u00fct\u00e7enize dost se\u00e7enekler.; Pamuklu ve Sa\u011fl\u0131kl\u0131 Kuma\u015flar: T\u00fcm \u00fcr\u00fcnlerimiz cilt dostu ve nefes alabilir \u00f6zellikte.; Y\u00fcksek Kalite: Uzun \u00f6m\u00fcrl\u00fc ve dayan\u0131kl\u0131 \u00fcr\u00fcnler.; Her Mevsime Uygun \u00c7\u00f6z\u00fcmler: Yaz i\u00e7in hafif ve ferah, k\u0131\u015f i\u00e7in s\u0131cak tutan tasar\u0131mlar.; \u00d6zelliklerimiz Kad\u0131n, erkek ve \u00e7ocuklar i\u00e7in geni\u015f beden ve renk se\u00e7enekleri &#8211; G\u00fcnl\u00fck kullan\u0131m i\u00e7in ideal &#8211; Kolay y\u0131kanabilir ve uzun s\u00fcre formunu korur Ucuz, Ekonomik ve Kaliteli \u00dcr\u00fcnler \u0130\u00e7in Do\u011fru Yerdesiniz! \u00dcr\u00fcnlerimizi \u015fimdi sipari\u015f verin, uygun fiyatlarla kalitenin keyfini \u00e7\u0131kar\u0131n.; H\u0131zl\u0131 kargo ve g\u00fcvenilir teslimat garantisiyle sizlere hizmet vermekten mutluluk duyuyoruz.; Not: T\u00fcm \u00fcr\u00fcnlerimiz %100 m\u00fc\u015fteri memnuniyeti odakl\u0131d\u0131r.; Beden se\u00e7imi konusunda yard\u0131ma ihtiyac\u0131n\u0131z olursa, l\u00fctfen bizimle ileti\u015fime ge\u00e7in!Genel \u00dcr\u00fcn A\u00e7\u0131klamas\u0131 Uygun fiyatl\u0131, kaliteli ve \u015f\u0131k \u00fcr\u00fcnlerimizle rahatl\u0131\u011f\u0131 ve tasar\u0131m\u0131 bir arada sunuyoruz.; Geni\u015f \u00fcr\u00fcn yelpazemizde her ya\u015fa ve her ihtiyaca uygun se\u00e7enekler bulabilirsiniz.; %100 m\u00fc\u015fteri memnuniyeti i\u00e7in, t\u00fcm \u00fcr\u00fcnlerimiz \u00f6zenle \u00fcretilmi\u015f ve kalite kontrol\u00fcnden ge\u00e7irilmi\u015ftir.; \u00dcr\u00fcn Kategorilerimiz Atlet, boxer, s\u00fctyen, fanila, i\u00e7 \u00e7ama\u015f\u0131r tak\u0131mlar\u0131, erkek k\u00fclot, kad\u0131n k\u00fclot, \u00e7ocuk k\u00fclot, termal i\u00e7lik, tayt, pijama alt\u0131, pa\u00e7al\u0131 k\u00fclotlar, \u00e7orap, g\u00f6mlek, pantolon, sweatshirt, tayt ve daha fazlas\u0131! Neden Bizi Tercih Etmelisiniz? Ekonomik ve \u00dcr\u00fcnler:B\u00fct\u00e7enize dost se\u00e7enekler.; Pamuklu ve Sa\u011fl\u0131kl\u0131 Kuma\u015flar: T\u00fcm \u00fcr\u00fcnlerimiz cilt dostu ve nefes alabilir \u00f6zellikte.; Y\u00fcksek Kalite: Uzun \u00f6m\u00fcrl\u00fc ve dayan\u0131kl\u0131 \u00fcr\u00fcnler.; Her Mevsime Uygun \u00c7\u00f6z\u00fcmler: Yaz i\u00e7in hafif ve ferah, k\u0131\u015f i\u00e7in s\u0131cak tutan tasar\u0131mlar.; \u00d6zelliklerimiz Kad\u0131n, erkek ve \u00e7ocuklar i\u00e7in geni\u015f beden ve renk se\u00e7enekleri &#8211; G\u00fcnl\u00fck kullan\u0131m i\u00e7in ideal &#8211; Kolay y\u0131kanabilir ve uzun s\u00fcre formunu korur Ucuz, Ekonomik ve Kaliteli \u00dcr\u00fcnler \u0130\u00e7in Do\u011fru Yerdesiniz! \u00dcr\u00fcnlerimizi \u015fimdi sipari\u015f verin, uygun fiyatlarla kalitenin keyfini \u00e7\u0131kar\u0131n.; H\u0131zl\u0131 kargo ve g\u00fcvenilir teslimat garantisiyle sizlere hizmet vermekten mutluluk duyuyoruz.; Not: T\u00fcm \u00fcr\u00fcnlerimiz %100 m\u00fc\u015fteri memnuniyeti odakl\u0131d\u0131r.; Beden se\u00e7imi konusunda yard\u0131ma ihtiyac\u0131n\u0131z olursa, l\u00fctfen bizimle ileti\u015fime ge\u00e7in!<\/p>\n","protected":false},"excerpt":{"rendered":"<p>Y\u0131ld\u0131z desenli tasar\u0131m\u0131 ile \u015f\u0131k ve e\u011flenceli bir g\u00f6r\u00fcn\u00fcm sunar; Her ya\u015f grubuna uygun, geni\u015f kullan\u0131m yelpazesi sa\u011flar; Slip kal\u0131b\u0131 [&hellip;]<\/p>\n","protected":false},"featured_media":2708,"comment_status":"open","ping_status":"closed","template":"","meta":{"site-sidebar-layout":"default","site-content-layout":"","ast-site-content-layout":"default","site-content-style":"default","site-sidebar-style":"default","ast-global-header-display":"","ast-banner-title-visibility":"","ast-main-header-display":"","ast-hfb-above-header-display":"","ast-hfb-below-header-display":"","ast-hfb-mobile-header-display":"","site-post-title":"","ast-breadcrumbs-content":"","ast-featured-img":"","footer-sml-layout":"","theme-transparent-header-meta":"","adv-header-id-meta":"","stick-header-meta":"","header-above-stick-meta":"","header-main-stick-meta":"","header-below-stick-meta":"","astra-migrate-meta-layouts":"default","ast-page-background-enabled":"default","ast-page-background-meta":{"desktop":{"background-color":"var(--ast-global-color-5)","background-image":"","background-repeat":"repeat","background-position":"center center","background-size":"auto","background-attachment":"scroll","background-type":"","background-media":"","overlay-type":"","overlay-color":"","overlay-opacity":"","overlay-gradient":""},"tablet":{"background-color":"","background-image":"","background-repeat":"repeat","background-position":"center center","background-size":"auto","background-attachment":"scroll","background-type":"","background-media":"","overlay-type":"","overlay-color":"","overlay-opacity":"","overlay-gradient":""},"mobile":{"background-color":"","background-image":"","background-repeat":"repeat","background-position":"center center","background-size":"auto","background-attachment":"scroll","background-type":"","background-media":"","overlay-type":"","overlay-color":"","overlay-opacity":"","overlay-gradient":""}},"ast-content-background-meta":{"desktop":{"background-color":"var(--ast-global-color-4)","background-image":"","background-repeat":"repeat","background-position":"center center","background-size":"auto","background-attachment":"scroll","background-type":"","background-media":"","overlay-type":"","overlay-color":"","overlay-opacity":"","overlay-gradient":""},"tablet":{"background-color":"var(--ast-global-color-4)","background-image":"","background-repeat":"repeat","background-position":"center center","background-size":"auto","background-attachment":"scroll","background-type":"","background-media":"","overlay-type":"","overlay-color":"","overlay-opacity":"","overlay-gradient":""},"mobile":{"background-color":"var(--ast-global-color-4)","background-image":"","background-repeat":"repeat","background-position":"center center","background-size":"auto","background-attachment":"scroll","background-type":"","background-media":"","overlay-type":"","overlay-color":"","overlay-opacity":"","overlay-gradient":""}}},"product_brand":[],"product_cat":[35],"product_tag":[],"class_list":{"0":"post-4334","1":"product","2":"type-product","3":"status-publish","4":"has-post-thumbnail","6":"product_cat-kulot","7":"desktop-align-left","8":"tablet-align-left","9":"mobile-align-left","11":"first","12":"instock","13":"shipping-taxable","14":"purchasable","15":"product-type-variable"},"_links":{"self":[{"href":"https:\/\/pigiyim.com\/index.php?rest_route=\/wp\/v2\/product\/4334","targetHints":{"allow":["GET"]}}],"collection":[{"href":"https:\/\/pigiyim.com\/index.php?rest_route=\/wp\/v2\/product"}],"about":[{"href":"https:\/\/pigiyim.com\/index.php?rest_route=\/wp\/v2\/types\/product"}],"replies":[{"embeddable":true,"href":"https:\/\/pigiyim.com\/index.php?rest_route=%2Fwp%2Fv2%2Fcomments&post=4334"}],"wp:featuredmedia":[{"embeddable":true,"href":"https:\/\/pigiyim.com\/index.php?rest_route=\/wp\/v2\/media\/2708"}],"wp:attachment":[{"href":"https:\/\/pigiyim.com\/index.php?rest_route=%2Fwp%2Fv2%2Fmedia&parent=4334"}],"wp:term":[{"taxonomy":"product_brand","embeddable":true,"href":"https:\/\/pigiyim.com\/index.php?rest_route=%2Fwp%2Fv2%2Fproduct_brand&post=4334"},{"taxonomy":"product_cat","embeddable":true,"href":"https:\/\/pigiyim.com\/index.php?rest_route=%2Fwp%2Fv2%2Fproduct_cat&post=4334"},{"taxonomy":"product_tag","embeddable":true,"href":"https:\/\/pigiyim.com\/index.php?rest_route=%2Fwp%2Fv2%2Fproduct_tag&post=4334"}],"curies":[{"name":"wp","href":"https:\/\/api.w.org\/{rel}","templated":true}]}}