{"id":4214,"date":"2025-10-17T15:05:36","date_gmt":"2025-10-17T12:05:36","guid":{"rendered":"https:\/\/pigiyim.com\/?post_type=product&#038;p=4214"},"modified":"2026-02-11T21:36:33","modified_gmt":"2026-02-11T18:36:33","slug":"kamasutra-oyun-kartlari-fantezi-pozisyon-gorselli-iskambil-karti","status":"publish","type":"product","link":"https:\/\/pigiyim.com\/?product=kamasutra-oyun-kartlari-fantezi-pozisyon-gorselli-iskambil-karti","title":{"rendered":"Kamasutra Oyun Kartlar\u0131 Fantezi Pozisyon G\u00f6rselli Iskambil Kart\u0131"},"content":{"rendered":"<p>\u00c7ok s\u00f6zle adrenaline set \u00e7ekmek de\u011fil niyetimiz.; ; Hayat denilen bu oyuna, asla mutsuzlu\u011fa \u00e7\u0131kmayan ihtimallerle meydan okumak \u00e7ok da zor de\u011fil ; ; Sevgilinizle en s\u0131cak ve samimi anlar\u0131n\u0131z\u0131 daha da heyecanland\u0131rmak istiyorsan\u0131z bu kartlar\u0131 kullanmaktan \u00e7ekinmeyin! ; ; \u00dcr\u00fcn kendine \u00f6zel kutusu i\u00e7erisinde 54 adet iskambil oyun kart\u0131ndan olu\u015fmaktad\u0131r.; ; Kamasutra \u0130skambil Ka\u011f\u0131tlar\u0131 \u00fczerinde 54 farkl\u0131 cinsel pozisyon yer almaktad\u0131r.; ; ; \u00dcr\u00fcn kutusu ve iskambil ka\u011f\u0131tlar\u0131 klasik poker ka\u011f\u0131tlar\u0131 \u00f6l\u00e7\u00fclerine sahiptir.; ;<\/p>\n","protected":false},"excerpt":{"rendered":"<p>\u00c7ok s\u00f6zle adrenaline set \u00e7ekmek de\u011fil niyetimiz.; ; Hayat denilen bu oyuna, asla mutsuzlu\u011fa \u00e7\u0131kmayan ihtimallerle meydan okumak \u00e7ok da [&hellip;]<\/p>\n","protected":false},"featured_media":1614,"comment_status":"open","ping_status":"closed","template":"","meta":{"site-sidebar-layout":"default","site-content-layout":"","ast-site-content-layout":"default","site-content-style":"default","site-sidebar-style":"default","ast-global-header-display":"","ast-banner-title-visibility":"","ast-main-header-display":"","ast-hfb-above-header-display":"","ast-hfb-below-header-display":"","ast-hfb-mobile-header-display":"","site-post-title":"","ast-breadcrumbs-content":"","ast-featured-img":"","footer-sml-layout":"","theme-transparent-header-meta":"","adv-header-id-meta":"","stick-header-meta":"","header-above-stick-meta":"","header-main-stick-meta":"","header-below-stick-meta":"","astra-migrate-meta-layouts":"default","ast-page-background-enabled":"default","ast-page-background-meta":{"desktop":{"background-color":"var(--ast-global-color-5)","background-image":"","background-repeat":"repeat","background-position":"center center","background-size":"auto","background-attachment":"scroll","background-type":"","background-media":"","overlay-type":"","overlay-color":"","overlay-opacity":"","overlay-gradient":""},"tablet":{"background-color":"","background-image":"","background-repeat":"repeat","background-position":"center center","background-size":"auto","background-attachment":"scroll","background-type":"","background-media":"","overlay-type":"","overlay-color":"","overlay-opacity":"","overlay-gradient":""},"mobile":{"background-color":"","background-image":"","background-repeat":"repeat","background-position":"center center","background-size":"auto","background-attachment":"scroll","background-type":"","background-media":"","overlay-type":"","overlay-color":"","overlay-opacity":"","overlay-gradient":""}},"ast-content-background-meta":{"desktop":{"background-color":"var(--ast-global-color-4)","background-image":"","background-repeat":"repeat","background-position":"center center","background-size":"auto","background-attachment":"scroll","background-type":"","background-media":"","overlay-type":"","overlay-color":"","overlay-opacity":"","overlay-gradient":""},"tablet":{"background-color":"var(--ast-global-color-4)","background-image":"","background-repeat":"repeat","background-position":"center center","background-size":"auto","background-attachment":"scroll","background-type":"","background-media":"","overlay-type":"","overlay-color":"","overlay-opacity":"","overlay-gradient":""},"mobile":{"background-color":"var(--ast-global-color-4)","background-image":"","background-repeat":"repeat","background-position":"center center","background-size":"auto","background-attachment":"scroll","background-type":"","background-media":"","overlay-type":"","overlay-color":"","overlay-opacity":"","overlay-gradient":""}}},"product_brand":[],"product_cat":[25],"product_tag":[],"class_list":{"0":"post-4214","1":"product","2":"type-product","3":"status-publish","4":"has-post-thumbnail","6":"product_cat-fantezi-aksesuar","7":"desktop-align-left","8":"tablet-align-left","9":"mobile-align-left","11":"first","12":"instock","13":"shipping-taxable","14":"purchasable","15":"product-type-variable"},"_links":{"self":[{"href":"https:\/\/pigiyim.com\/index.php?rest_route=\/wp\/v2\/product\/4214","targetHints":{"allow":["GET"]}}],"collection":[{"href":"https:\/\/pigiyim.com\/index.php?rest_route=\/wp\/v2\/product"}],"about":[{"href":"https:\/\/pigiyim.com\/index.php?rest_route=\/wp\/v2\/types\/product"}],"replies":[{"embeddable":true,"href":"https:\/\/pigiyim.com\/index.php?rest_route=%2Fwp%2Fv2%2Fcomments&post=4214"}],"wp:featuredmedia":[{"embeddable":true,"href":"https:\/\/pigiyim.com\/index.php?rest_route=\/wp\/v2\/media\/1614"}],"wp:attachment":[{"href":"https:\/\/pigiyim.com\/index.php?rest_route=%2Fwp%2Fv2%2Fmedia&parent=4214"}],"wp:term":[{"taxonomy":"product_brand","embeddable":true,"href":"https:\/\/pigiyim.com\/index.php?rest_route=%2Fwp%2Fv2%2Fproduct_brand&post=4214"},{"taxonomy":"product_cat","embeddable":true,"href":"https:\/\/pigiyim.com\/index.php?rest_route=%2Fwp%2Fv2%2Fproduct_cat&post=4214"},{"taxonomy":"product_tag","embeddable":true,"href":"https:\/\/pigiyim.com\/index.php?rest_route=%2Fwp%2Fv2%2Fproduct_tag&post=4214"}],"curies":[{"name":"wp","href":"https:\/\/api.w.org\/{rel}","templated":true}]}}