{"id":3837,"date":"2025-10-17T15:02:59","date_gmt":"2025-10-17T12:02:59","guid":{"rendered":"https:\/\/pigiyim.com\/?post_type=product&#038;p=3837"},"modified":"2026-02-11T21:36:08","modified_gmt":"2026-02-11T18:36:08","slug":"3lu-penye-erkek-askili-atlet-l-3","status":"publish","type":"product","link":"https:\/\/pigiyim.com\/?product=3lu-penye-erkek-askili-atlet-l-3","title":{"rendered":"3`l\u00fc Penye Erkek Ask\u0131l\u0131 Atlet L-3"},"content":{"rendered":"<p>\u0130\u015f ortam\u0131nda rahatl\u0131k ve \u015f\u0131kl\u0131\u011f\u0131 bir arada sunan oversize kal\u0131p, her t\u00fcrl\u00fc hareket \u00f6zg\u00fcrl\u00fc\u011f\u00fcn\u00fcz\u00fc destekler.; Varak bask\u0131s\u0131 ile zenginle\u015ftirilmi\u015f tasar\u0131m, sofistike bir g\u00f6r\u00fcn\u00fcm kazand\u0131r\u0131rken ayn\u0131 zamanda dayan\u0131kl\u0131l\u0131\u011f\u0131 art\u0131r\u0131r.; \u0130\u00e7 giyim koleksiyonunuzun vazge\u00e7ilmez par\u00e7as\u0131 olacak bu atlet, g\u00fcnl\u00fck kullan\u0131m i\u00e7in idealdir.; D\u00fcz beyaz rengi ve bisiklet yakas\u0131 ile klasik tarz\u0131 benimseyenler i\u00e7in m\u00fckemmel bir se\u00e7imdir.; \u00c7apraz ba\u011flama silueti ile modern ve dinamik bir g\u00f6r\u00fcn\u00fcm elde edersiniz; ask\u0131l\u0131 kol tasar\u0131m\u0131 yaz aylar\u0131 i\u00e7in idealdir.; Dokuma kuma\u015f tipiyle kaliteli hissiyat\u0131 \u00f6n plana \u00e7\u0131karan bu atlet, uzun s\u00fcreli kullan\u0131m i\u00e7in uygundur.;<\/p>\n","protected":false},"excerpt":{"rendered":"<p>\u0130\u015f ortam\u0131nda rahatl\u0131k ve \u015f\u0131kl\u0131\u011f\u0131 bir arada sunan oversize kal\u0131p, her t\u00fcrl\u00fc hareket \u00f6zg\u00fcrl\u00fc\u011f\u00fcn\u00fcz\u00fc destekler.; Varak bask\u0131s\u0131 ile zenginle\u015ftirilmi\u015f tasar\u0131m, [&hellip;]<\/p>\n","protected":false},"featured_media":696,"comment_status":"open","ping_status":"closed","template":"","meta":{"site-sidebar-layout":"default","site-content-layout":"","ast-site-content-layout":"default","site-content-style":"default","site-sidebar-style":"default","ast-global-header-display":"","ast-banner-title-visibility":"","ast-main-header-display":"","ast-hfb-above-header-display":"","ast-hfb-below-header-display":"","ast-hfb-mobile-header-display":"","site-post-title":"","ast-breadcrumbs-content":"","ast-featured-img":"","footer-sml-layout":"","theme-transparent-header-meta":"","adv-header-id-meta":"","stick-header-meta":"","header-above-stick-meta":"","header-main-stick-meta":"","header-below-stick-meta":"","astra-migrate-meta-layouts":"default","ast-page-background-enabled":"default","ast-page-background-meta":{"desktop":{"background-color":"var(--ast-global-color-5)","background-image":"","background-repeat":"repeat","background-position":"center center","background-size":"auto","background-attachment":"scroll","background-type":"","background-media":"","overlay-type":"","overlay-color":"","overlay-opacity":"","overlay-gradient":""},"tablet":{"background-color":"","background-image":"","background-repeat":"repeat","background-position":"center center","background-size":"auto","background-attachment":"scroll","background-type":"","background-media":"","overlay-type":"","overlay-color":"","overlay-opacity":"","overlay-gradient":""},"mobile":{"background-color":"","background-image":"","background-repeat":"repeat","background-position":"center center","background-size":"auto","background-attachment":"scroll","background-type":"","background-media":"","overlay-type":"","overlay-color":"","overlay-opacity":"","overlay-gradient":""}},"ast-content-background-meta":{"desktop":{"background-color":"var(--ast-global-color-4)","background-image":"","background-repeat":"repeat","background-position":"center center","background-size":"auto","background-attachment":"scroll","background-type":"","background-media":"","overlay-type":"","overlay-color":"","overlay-opacity":"","overlay-gradient":""},"tablet":{"background-color":"var(--ast-global-color-4)","background-image":"","background-repeat":"repeat","background-position":"center center","background-size":"auto","background-attachment":"scroll","background-type":"","background-media":"","overlay-type":"","overlay-color":"","overlay-opacity":"","overlay-gradient":""},"mobile":{"background-color":"var(--ast-global-color-4)","background-image":"","background-repeat":"repeat","background-position":"center center","background-size":"auto","background-attachment":"scroll","background-type":"","background-media":"","overlay-type":"","overlay-color":"","overlay-opacity":"","overlay-gradient":""}}},"product_brand":[],"product_cat":[17],"product_tag":[],"class_list":{"0":"post-3837","1":"product","2":"type-product","3":"status-publish","4":"has-post-thumbnail","6":"product_cat-atlet","7":"desktop-align-left","8":"tablet-align-left","9":"mobile-align-left","11":"first","12":"instock","13":"shipping-taxable","14":"purchasable","15":"product-type-variable"},"_links":{"self":[{"href":"https:\/\/pigiyim.com\/index.php?rest_route=\/wp\/v2\/product\/3837","targetHints":{"allow":["GET"]}}],"collection":[{"href":"https:\/\/pigiyim.com\/index.php?rest_route=\/wp\/v2\/product"}],"about":[{"href":"https:\/\/pigiyim.com\/index.php?rest_route=\/wp\/v2\/types\/product"}],"replies":[{"embeddable":true,"href":"https:\/\/pigiyim.com\/index.php?rest_route=%2Fwp%2Fv2%2Fcomments&post=3837"}],"wp:featuredmedia":[{"embeddable":true,"href":"https:\/\/pigiyim.com\/index.php?rest_route=\/wp\/v2\/media\/696"}],"wp:attachment":[{"href":"https:\/\/pigiyim.com\/index.php?rest_route=%2Fwp%2Fv2%2Fmedia&parent=3837"}],"wp:term":[{"taxonomy":"product_brand","embeddable":true,"href":"https:\/\/pigiyim.com\/index.php?rest_route=%2Fwp%2Fv2%2Fproduct_brand&post=3837"},{"taxonomy":"product_cat","embeddable":true,"href":"https:\/\/pigiyim.com\/index.php?rest_route=%2Fwp%2Fv2%2Fproduct_cat&post=3837"},{"taxonomy":"product_tag","embeddable":true,"href":"https:\/\/pigiyim.com\/index.php?rest_route=%2Fwp%2Fv2%2Fproduct_tag&post=3837"}],"curies":[{"name":"wp","href":"https:\/\/api.w.org\/{rel}","templated":true}]}}