{"id":10139,"date":"2025-10-17T15:26:23","date_gmt":"2025-10-17T12:26:23","guid":{"rendered":"https:\/\/pigiyim.com\/?post_type=product&#038;p=10139"},"modified":"2026-02-11T21:34:54","modified_gmt":"2026-02-11T18:34:54","slug":"kamasutra-pozisyon-tombala-fantezi-set","status":"publish","type":"product","link":"https:\/\/pigiyim.com\/?product=kamasutra-pozisyon-tombala-fantezi-set","title":{"rendered":"Kamasutra Pozisyon Tombala Fantezi Set"},"content":{"rendered":"<p>Bu \u00fcr\u00fcnden en fazla 10 adet sipari\u015f verilebilir. 10 adetin \u00fczerindeki sipari\u015fleri Trendyol iptal etme hakk\u0131n\u0131 sakl\u0131 tutar. ; Kampanya fiyat\u0131ndan sat\u0131lmak \u00fczere 100 adetten fazla stok sunulmu\u015ftur. ; \u0130ncelemi\u015f oldu\u011funuz \u00fcr\u00fcn\u00fcn sat\u0131\u015f fiyat\u0131n\u0131 sat\u0131c\u0131 belirlemektedir. ; Bir \u00fcr\u00fcn, birden fazla sat\u0131c\u0131 taraf\u0131ndan sat\u0131labilir. Birden fazla sat\u0131c\u0131 taraf\u0131ndan sat\u0131\u015fa sunulan \u00fcr\u00fcnlerin sat\u0131c\u0131lar\u0131 \u00fcr\u00fcn i\u00e7in belirledikleri fiyata, sat\u0131c\u0131 puanlar\u0131na, teslimat stat\u00fclerine, \u00fcr\u00fcnlerdeki promosyonlara, kargonun bedava olup olmamas\u0131na ve \u00fcr\u00fcnlerin ile teslim edilip edilememesine, \u00fcr\u00fcnlerin stok ve kategorileri bilgilerine g\u00f6re s\u0131ralanmaktad\u0131r. ;<\/p>\n","protected":false},"excerpt":{"rendered":"<p>Bu \u00fcr\u00fcnden en fazla 10 adet sipari\u015f verilebilir. 10 adetin \u00fczerindeki sipari\u015fleri Trendyol iptal etme hakk\u0131n\u0131 sakl\u0131 tutar. ; Kampanya [&hellip;]<\/p>\n","protected":false},"featured_media":1612,"comment_status":"open","ping_status":"closed","template":"","meta":{"site-sidebar-layout":"default","site-content-layout":"","ast-site-content-layout":"default","site-content-style":"default","site-sidebar-style":"default","ast-global-header-display":"","ast-banner-title-visibility":"","ast-main-header-display":"","ast-hfb-above-header-display":"","ast-hfb-below-header-display":"","ast-hfb-mobile-header-display":"","site-post-title":"","ast-breadcrumbs-content":"","ast-featured-img":"","footer-sml-layout":"","theme-transparent-header-meta":"","adv-header-id-meta":"","stick-header-meta":"","header-above-stick-meta":"","header-main-stick-meta":"","header-below-stick-meta":"","astra-migrate-meta-layouts":"default","ast-page-background-enabled":"default","ast-page-background-meta":{"desktop":{"background-color":"var(--ast-global-color-5)","background-image":"","background-repeat":"repeat","background-position":"center center","background-size":"auto","background-attachment":"scroll","background-type":"","background-media":"","overlay-type":"","overlay-color":"","overlay-opacity":"","overlay-gradient":""},"tablet":{"background-color":"","background-image":"","background-repeat":"repeat","background-position":"center center","background-size":"auto","background-attachment":"scroll","background-type":"","background-media":"","overlay-type":"","overlay-color":"","overlay-opacity":"","overlay-gradient":""},"mobile":{"background-color":"","background-image":"","background-repeat":"repeat","background-position":"center center","background-size":"auto","background-attachment":"scroll","background-type":"","background-media":"","overlay-type":"","overlay-color":"","overlay-opacity":"","overlay-gradient":""}},"ast-content-background-meta":{"desktop":{"background-color":"var(--ast-global-color-4)","background-image":"","background-repeat":"repeat","background-position":"center center","background-size":"auto","background-attachment":"scroll","background-type":"","background-media":"","overlay-type":"","overlay-color":"","overlay-opacity":"","overlay-gradient":""},"tablet":{"background-color":"var(--ast-global-color-4)","background-image":"","background-repeat":"repeat","background-position":"center center","background-size":"auto","background-attachment":"scroll","background-type":"","background-media":"","overlay-type":"","overlay-color":"","overlay-opacity":"","overlay-gradient":""},"mobile":{"background-color":"var(--ast-global-color-4)","background-image":"","background-repeat":"repeat","background-position":"center center","background-size":"auto","background-attachment":"scroll","background-type":"","background-media":"","overlay-type":"","overlay-color":"","overlay-opacity":"","overlay-gradient":""}}},"product_brand":[],"product_cat":[25],"product_tag":[],"class_list":{"0":"post-10139","1":"product","2":"type-product","3":"status-publish","4":"has-post-thumbnail","6":"product_cat-fantezi-aksesuar","7":"desktop-align-left","8":"tablet-align-left","9":"mobile-align-left","11":"first","12":"instock","13":"shipping-taxable","14":"purchasable","15":"product-type-variable"},"_links":{"self":[{"href":"https:\/\/pigiyim.com\/index.php?rest_route=\/wp\/v2\/product\/10139","targetHints":{"allow":["GET"]}}],"collection":[{"href":"https:\/\/pigiyim.com\/index.php?rest_route=\/wp\/v2\/product"}],"about":[{"href":"https:\/\/pigiyim.com\/index.php?rest_route=\/wp\/v2\/types\/product"}],"replies":[{"embeddable":true,"href":"https:\/\/pigiyim.com\/index.php?rest_route=%2Fwp%2Fv2%2Fcomments&post=10139"}],"wp:featuredmedia":[{"embeddable":true,"href":"https:\/\/pigiyim.com\/index.php?rest_route=\/wp\/v2\/media\/1612"}],"wp:attachment":[{"href":"https:\/\/pigiyim.com\/index.php?rest_route=%2Fwp%2Fv2%2Fmedia&parent=10139"}],"wp:term":[{"taxonomy":"product_brand","embeddable":true,"href":"https:\/\/pigiyim.com\/index.php?rest_route=%2Fwp%2Fv2%2Fproduct_brand&post=10139"},{"taxonomy":"product_cat","embeddable":true,"href":"https:\/\/pigiyim.com\/index.php?rest_route=%2Fwp%2Fv2%2Fproduct_cat&post=10139"},{"taxonomy":"product_tag","embeddable":true,"href":"https:\/\/pigiyim.com\/index.php?rest_route=%2Fwp%2Fv2%2Fproduct_tag&post=10139"}],"curies":[{"name":"wp","href":"https:\/\/api.w.org\/{rel}","templated":true}]}}